{"id":1143,"date":"2025-11-27T14:33:55","date_gmt":"2025-11-27T13:33:55","guid":{"rendered":"https:\/\/xn--padol-2ra.com\/nuestras-inversiones\/"},"modified":"2026-03-24T10:25:36","modified_gmt":"2026-03-24T09:25:36","slug":"nuestras-inversiones","status":"publish","type":"page","link":"https:\/\/xn--padol-2ra.com\/es\/nuestras-inversiones\/","title":{"rendered":"Nuestras inversiones"},"content":{"rendered":"<h1>Nuestras inversiones<\/h1>\n<h2>Real Estate<\/h2>\n<p>Participamos en proyectos inmobiliarios residenciales y comerciales con una mirada de legado.<br \/> Seleccionamos ubicaciones con valor real, activos s\u00f3lidos y desarrollos que perduran en el tiempo.<\/p>\n<p>\t\t\t\t\t\t\t\t\t\t\t\t\t\t\t<img decoding=\"async\" src=\"https:\/\/xn--padol-2ra.com\/wp-content\/uploads\/elementor\/thumbs\/Rectangle-137-6-rfpecy10c6gpjbh5ay71ie0yiplh6j2qwsx00q4ruo.png\" title=\"Rectangle 137\" alt=\"Rectangle 137\" loading=\"lazy\" \/><br \/>\n\t\t\t\t\t\t\t\t\t\t\t\t\t\t\t<img decoding=\"async\" src=\"https:\/\/xn--padol-2ra.com\/wp-content\/uploads\/elementor\/thumbs\/Rectangle-139-rfpecjxfhnxep61mla3myzl1lxiyz2iruv4ptkpog0.png\" title=\"Rectangle 139\" alt=\"Rectangle 139\" loading=\"lazy\" \/>\t\t\t\t\t\t\t\t\t\t\t\t\t\t\t<\/p>\n<h2>Startups<\/h2>\n<p>Invertimos en startups innovadoras y conscientes, en \u00e1mbitos como la tecnolog\u00eda, la salud, la alimentaci\u00f3n o nuevos modelos de crecimiento responsable.<\/p>\n<p>Somos inversores activos y nos involucramos en el desarrollo de los proyectos, aportando experiencia, visi\u00f3n y conexiones para ayudar a las empresas participadas a crecer y consolidarse.<\/p>\n<h2>Private Equity y otros activos<\/h2>\n<p>Invertimos tambi\u00e9n en empresas consolidadas y proyectos diversificados -energ\u00edas, fondos de impacto o activos financieros- que complementan nuestra estrategia global.<\/p>\n","protected":false},"excerpt":{"rendered":"<p>Nuestras inversiones Real Estate Participamos en proyectos inmobiliarios residenciales y comerciales con una mirada de legado. Seleccionamos ubicaciones con valor real, activos s\u00f3lidos y desarrollos que perduran en el tiempo. Startups Invertimos en startups innovadoras y conscientes, en \u00e1mbitos como la tecnolog\u00eda, la salud, la alimentaci\u00f3n o nuevos modelos de crecimiento responsable. Somos inversores activos [&hellip;]<\/p>\n","protected":false},"author":2,"featured_media":0,"parent":0,"menu_order":0,"comment_status":"closed","ping_status":"closed","template":"","meta":{"_acf_changed":false,"inline_featured_image":false,"footnotes":""},"class_list":["post-1143","page","type-page","status-publish","hentry"],"acf":[],"yoast_head":"<!-- This site is optimized with the Yoast SEO plugin v27.5 - https:\/\/yoast.com\/product\/yoast-seo-wordpress\/ -->\n<title>\u25b7Nuestras inversiones - \u3010 more than invesments \u3011<\/title>\n<meta name=\"description\" content=\"Nuestras inversiones Real Estate Participamos en proyectos inmobiliarios residenciales y comerciales con una mirada de legado. Seleccionamos ubicaciones \u2713\" \/>\n<meta name=\"robots\" content=\"index, follow, max-snippet:-1, max-image-preview:large, max-video-preview:-1\" \/>\n<link rel=\"canonical\" href=\"https:\/\/xn--padol-2ra.com\/les-nostres-inversions\/\" \/>\n<meta property=\"og:locale\" content=\"es_ES\" \/>\n<meta property=\"og:type\" content=\"article\" \/>\n<meta property=\"og:title\" content=\"\u25b7Nuestras inversiones - \u3010 more than invesments \u3011\" \/>\n<meta property=\"og:description\" content=\"Nuestras inversiones Real Estate Participamos en proyectos inmobiliarios residenciales y comerciales con una mirada de legado. Seleccionamos ubicaciones \u2713\" \/>\n<meta property=\"og:url\" content=\"https:\/\/xn--padol-2ra.com\/les-nostres-inversions\/\" \/>\n<meta property=\"og:site_name\" content=\"more than invesments\" \/>\n<meta property=\"article:modified_time\" content=\"2026-03-24T09:25:36+00:00\" \/>\n<meta property=\"og:image\" content=\"https:\/\/xn--padol-2ra.com\/wp-content\/uploads\/elementor\/thumbs\/Rectangle-137-6-rfpecy10c6gpjbh5ay71ie0yiplh6j2qwsx00q4ruo.png\" \/>\n<meta name=\"twitter:card\" content=\"summary_large_image\" \/>\n<meta name=\"twitter:label1\" content=\"Tiempo de lectura\" \/>\n\t<meta name=\"twitter:data1\" content=\"1 minuto\" \/>\n<script type=\"application\/ld+json\" class=\"yoast-schema-graph\">{\"@context\":\"https:\\\/\\\/schema.org\",\"@graph\":[{\"@type\":\"WebPage\",\"@id\":\"https:\\\/\\\/xn--padol-2ra.com\\\/les-nostres-inversions\\\/\",\"url\":\"https:\\\/\\\/xn--padol-2ra.com\\\/les-nostres-inversions\\\/\",\"name\":\"\u25b7Nuestras inversiones - \u3010 more than invesments \u3011\",\"isPartOf\":{\"@id\":\"https:\\\/\\\/xn--padol-2ra.com\\\/#website\"},\"primaryImageOfPage\":{\"@id\":\"https:\\\/\\\/xn--padol-2ra.com\\\/les-nostres-inversions\\\/#primaryimage\"},\"image\":{\"@id\":\"https:\\\/\\\/xn--padol-2ra.com\\\/les-nostres-inversions\\\/#primaryimage\"},\"thumbnailUrl\":\"https:\\\/\\\/xn--padol-2ra.com\\\/wp-content\\\/uploads\\\/elementor\\\/thumbs\\\/Rectangle-137-6-rfpecy10c6gpjbh5ay71ie0yiplh6j2qwsx00q4ruo.png\",\"datePublished\":\"2025-11-27T13:33:55+00:00\",\"dateModified\":\"2026-03-24T09:25:36+00:00\",\"description\":\"Nuestras inversiones Real Estate Participamos en proyectos inmobiliarios residenciales y comerciales con una mirada de legado. Seleccionamos ubicaciones \u2713\",\"breadcrumb\":{\"@id\":\"https:\\\/\\\/xn--padol-2ra.com\\\/les-nostres-inversions\\\/#breadcrumb\"},\"inLanguage\":\"es\",\"potentialAction\":[{\"@type\":\"ReadAction\",\"target\":[\"https:\\\/\\\/xn--padol-2ra.com\\\/les-nostres-inversions\\\/\"]}]},{\"@type\":\"ImageObject\",\"inLanguage\":\"es\",\"@id\":\"https:\\\/\\\/xn--padol-2ra.com\\\/les-nostres-inversions\\\/#primaryimage\",\"url\":\"https:\\\/\\\/xn--padol-2ra.com\\\/wp-content\\\/uploads\\\/elementor\\\/thumbs\\\/Rectangle-137-6-rfpecy10c6gpjbh5ay71ie0yiplh6j2qwsx00q4ruo.png\",\"contentUrl\":\"https:\\\/\\\/xn--padol-2ra.com\\\/wp-content\\\/uploads\\\/elementor\\\/thumbs\\\/Rectangle-137-6-rfpecy10c6gpjbh5ay71ie0yiplh6j2qwsx00q4ruo.png\"},{\"@type\":\"BreadcrumbList\",\"@id\":\"https:\\\/\\\/xn--padol-2ra.com\\\/les-nostres-inversions\\\/#breadcrumb\",\"itemListElement\":[{\"@type\":\"ListItem\",\"position\":1,\"name\":\"Portada\",\"item\":\"https:\\\/\\\/xn--padol-2ra.com\\\/\"},{\"@type\":\"ListItem\",\"position\":2,\"name\":\"Nuestras inversiones\"}]},{\"@type\":\"WebSite\",\"@id\":\"https:\\\/\\\/xn--padol-2ra.com\\\/#website\",\"url\":\"https:\\\/\\\/xn--padol-2ra.com\\\/\",\"name\":\"more than invesments\",\"description\":\"more than invesments\",\"publisher\":{\"@id\":\"https:\\\/\\\/xn--padol-2ra.com\\\/#organization\"},\"potentialAction\":[{\"@type\":\"SearchAction\",\"target\":{\"@type\":\"EntryPoint\",\"urlTemplate\":\"https:\\\/\\\/xn--padol-2ra.com\\\/?s={search_term_string}\"},\"query-input\":{\"@type\":\"PropertyValueSpecification\",\"valueRequired\":true,\"valueName\":\"search_term_string\"}}],\"inLanguage\":\"es\"},{\"@type\":\"Organization\",\"@id\":\"https:\\\/\\\/xn--padol-2ra.com\\\/#organization\",\"name\":\"more than invesments\",\"url\":\"https:\\\/\\\/xn--padol-2ra.com\\\/\",\"logo\":{\"@type\":\"ImageObject\",\"inLanguage\":\"es\",\"@id\":\"https:\\\/\\\/xn--padol-2ra.com\\\/#\\\/schema\\\/logo\\\/image\\\/\",\"url\":\"https:\\\/\\\/xn--padol-2ra.com\\\/wp-content\\\/uploads\\\/2021\\\/10\\\/Padolc_Logotipo_02-1.svg\",\"contentUrl\":\"https:\\\/\\\/xn--padol-2ra.com\\\/wp-content\\\/uploads\\\/2021\\\/10\\\/Padolc_Logotipo_02-1.svg\",\"width\":258,\"height\":86,\"caption\":\"more than invesments\"},\"image\":{\"@id\":\"https:\\\/\\\/xn--padol-2ra.com\\\/#\\\/schema\\\/logo\\\/image\\\/\"}}]}<\/script>\n<!-- \/ Yoast SEO plugin. -->","yoast_head_json":{"title":"\u25b7Nuestras inversiones - \u3010 more than invesments \u3011","description":"Nuestras inversiones Real Estate Participamos en proyectos inmobiliarios residenciales y comerciales con una mirada de legado. Seleccionamos ubicaciones \u2713","robots":{"index":"index","follow":"follow","max-snippet":"max-snippet:-1","max-image-preview":"max-image-preview:large","max-video-preview":"max-video-preview:-1"},"canonical":"https:\/\/xn--padol-2ra.com\/les-nostres-inversions\/","og_locale":"es_ES","og_type":"article","og_title":"\u25b7Nuestras inversiones - \u3010 more than invesments \u3011","og_description":"Nuestras inversiones Real Estate Participamos en proyectos inmobiliarios residenciales y comerciales con una mirada de legado. Seleccionamos ubicaciones \u2713","og_url":"https:\/\/xn--padol-2ra.com\/les-nostres-inversions\/","og_site_name":"more than invesments","article_modified_time":"2026-03-24T09:25:36+00:00","og_image":[{"url":"https:\/\/xn--padol-2ra.com\/wp-content\/uploads\/elementor\/thumbs\/Rectangle-137-6-rfpecy10c6gpjbh5ay71ie0yiplh6j2qwsx00q4ruo.png","type":"","width":"","height":""}],"twitter_card":"summary_large_image","twitter_misc":{"Tiempo de lectura":"1 minuto"},"schema":{"@context":"https:\/\/schema.org","@graph":[{"@type":"WebPage","@id":"https:\/\/xn--padol-2ra.com\/les-nostres-inversions\/","url":"https:\/\/xn--padol-2ra.com\/les-nostres-inversions\/","name":"\u25b7Nuestras inversiones - \u3010 more than invesments \u3011","isPartOf":{"@id":"https:\/\/xn--padol-2ra.com\/#website"},"primaryImageOfPage":{"@id":"https:\/\/xn--padol-2ra.com\/les-nostres-inversions\/#primaryimage"},"image":{"@id":"https:\/\/xn--padol-2ra.com\/les-nostres-inversions\/#primaryimage"},"thumbnailUrl":"https:\/\/xn--padol-2ra.com\/wp-content\/uploads\/elementor\/thumbs\/Rectangle-137-6-rfpecy10c6gpjbh5ay71ie0yiplh6j2qwsx00q4ruo.png","datePublished":"2025-11-27T13:33:55+00:00","dateModified":"2026-03-24T09:25:36+00:00","description":"Nuestras inversiones Real Estate Participamos en proyectos inmobiliarios residenciales y comerciales con una mirada de legado. Seleccionamos ubicaciones \u2713","breadcrumb":{"@id":"https:\/\/xn--padol-2ra.com\/les-nostres-inversions\/#breadcrumb"},"inLanguage":"es","potentialAction":[{"@type":"ReadAction","target":["https:\/\/xn--padol-2ra.com\/les-nostres-inversions\/"]}]},{"@type":"ImageObject","inLanguage":"es","@id":"https:\/\/xn--padol-2ra.com\/les-nostres-inversions\/#primaryimage","url":"https:\/\/xn--padol-2ra.com\/wp-content\/uploads\/elementor\/thumbs\/Rectangle-137-6-rfpecy10c6gpjbh5ay71ie0yiplh6j2qwsx00q4ruo.png","contentUrl":"https:\/\/xn--padol-2ra.com\/wp-content\/uploads\/elementor\/thumbs\/Rectangle-137-6-rfpecy10c6gpjbh5ay71ie0yiplh6j2qwsx00q4ruo.png"},{"@type":"BreadcrumbList","@id":"https:\/\/xn--padol-2ra.com\/les-nostres-inversions\/#breadcrumb","itemListElement":[{"@type":"ListItem","position":1,"name":"Portada","item":"https:\/\/xn--padol-2ra.com\/"},{"@type":"ListItem","position":2,"name":"Nuestras inversiones"}]},{"@type":"WebSite","@id":"https:\/\/xn--padol-2ra.com\/#website","url":"https:\/\/xn--padol-2ra.com\/","name":"more than invesments","description":"more than invesments","publisher":{"@id":"https:\/\/xn--padol-2ra.com\/#organization"},"potentialAction":[{"@type":"SearchAction","target":{"@type":"EntryPoint","urlTemplate":"https:\/\/xn--padol-2ra.com\/?s={search_term_string}"},"query-input":{"@type":"PropertyValueSpecification","valueRequired":true,"valueName":"search_term_string"}}],"inLanguage":"es"},{"@type":"Organization","@id":"https:\/\/xn--padol-2ra.com\/#organization","name":"more than invesments","url":"https:\/\/xn--padol-2ra.com\/","logo":{"@type":"ImageObject","inLanguage":"es","@id":"https:\/\/xn--padol-2ra.com\/#\/schema\/logo\/image\/","url":"https:\/\/xn--padol-2ra.com\/wp-content\/uploads\/2021\/10\/Padolc_Logotipo_02-1.svg","contentUrl":"https:\/\/xn--padol-2ra.com\/wp-content\/uploads\/2021\/10\/Padolc_Logotipo_02-1.svg","width":258,"height":86,"caption":"more than invesments"},"image":{"@id":"https:\/\/xn--padol-2ra.com\/#\/schema\/logo\/image\/"}}]}},"_links":{"self":[{"href":"https:\/\/xn--padol-2ra.com\/es\/wp-json\/wp\/v2\/pages\/1143","targetHints":{"allow":["GET"]}}],"collection":[{"href":"https:\/\/xn--padol-2ra.com\/es\/wp-json\/wp\/v2\/pages"}],"about":[{"href":"https:\/\/xn--padol-2ra.com\/es\/wp-json\/wp\/v2\/types\/page"}],"author":[{"embeddable":true,"href":"https:\/\/xn--padol-2ra.com\/es\/wp-json\/wp\/v2\/users\/2"}],"replies":[{"embeddable":true,"href":"https:\/\/xn--padol-2ra.com\/es\/wp-json\/wp\/v2\/comments?post=1143"}],"version-history":[{"count":5,"href":"https:\/\/xn--padol-2ra.com\/es\/wp-json\/wp\/v2\/pages\/1143\/revisions"}],"predecessor-version":[{"id":1433,"href":"https:\/\/xn--padol-2ra.com\/es\/wp-json\/wp\/v2\/pages\/1143\/revisions\/1433"}],"wp:attachment":[{"href":"https:\/\/xn--padol-2ra.com\/es\/wp-json\/wp\/v2\/media?parent=1143"}],"curies":[{"name":"wp","href":"https:\/\/api.w.org\/{rel}","templated":true}]}}